{"id":925,"date":"2021-02-18T09:23:47","date_gmt":"2021-02-18T09:23:47","guid":{"rendered":"https:\/\/corvettecenter.ch\/?page_id=925"},"modified":"2021-03-08T09:09:20","modified_gmt":"2021-03-08T09:09:20","slug":"virtuelle-fahrzeugbesichtigung","status":"publish","type":"page","link":"https:\/\/dev.corvettecenter.ch\/index.php\/virtuelle-fahrzeugbesichtigung\/","title":{"rendered":"Virtuelle Fahrzeugbesichtigung"},"content":{"rendered":"\t\t<div data-elementor-type=\"wp-page\" data-elementor-id=\"925\" class=\"elementor elementor-925\">\n\t\t\t\t\t\t<div class=\"elementor-inner\">\n\t\t\t\t<div class=\"elementor-section-wrap\">\n\t\t\t\t\t\t\t\t\t<section class=\"elementor-section elementor-top-section elementor-element elementor-element-7e66b44 ct-section-stretched elementor-section-full_width elementor-section-height-min-height elementor-section-height-default elementor-section-items-middle\" data-id=\"7e66b44\" data-element_type=\"section\" data-settings=\"{&quot;background_background&quot;:&quot;classic&quot;}\">\n\t\t\t\t\t\t<div class=\"elementor-container elementor-column-gap-no\">\n\t\t\t\t\t\t\t<div class=\"elementor-row\">\n\t\t\t\t\t<div class=\"elementor-column elementor-col-100 elementor-top-column elementor-element elementor-element-27febab8\" data-id=\"27febab8\" data-element_type=\"column\">\n\t\t\t<div class=\"elementor-column-wrap elementor-element-populated\">\n\t\t\t\t\t\t\t<div class=\"elementor-widget-wrap\">\n\t\t\t\t\t\t<section class=\"elementor-section elementor-inner-section elementor-element elementor-element-c7c315f elementor-section-full_width elementor-section-height-default elementor-section-height-default\" data-id=\"c7c315f\" data-element_type=\"section\">\n\t\t\t\t\t\t<div class=\"elementor-container elementor-column-gap-default\">\n\t\t\t\t\t\t\t<div class=\"elementor-row\">\n\t\t\t\t\t<div class=\"elementor-column elementor-col-50 elementor-inner-column elementor-element elementor-element-7eb106cb\" data-id=\"7eb106cb\" data-element_type=\"column\" data-settings=\"{&quot;background_background&quot;:&quot;classic&quot;}\">\n\t\t\t<div class=\"elementor-column-wrap elementor-element-populated\">\n\t\t\t\t\t\t\t<div class=\"elementor-widget-wrap\">\n\t\t\t\t\t\t<div class=\"elementor-element elementor-element-f3bc6fd elementor-widget elementor-widget-text-editor\" data-id=\"f3bc6fd\" data-element_type=\"widget\" data-widget_type=\"text-editor.default\">\n\t\t\t\t<div class=\"elementor-widget-container\">\n\t\t\t\t\t\t\t\t<div class=\"elementor-text-editor elementor-clearfix\">\n\t\t\t\t<p>Virtuelle Fahrzeugbesichtigungen<\/p>\t\t\t\t\t<\/div>\n\t\t\t\t\t\t<\/div>\n\t\t\t\t<\/div>\n\t\t\t\t<div class=\"elementor-element elementor-element-5854004b elementor-widget elementor-widget-heading\" data-id=\"5854004b\" data-element_type=\"widget\" data-widget_type=\"heading.default\">\n\t\t\t\t<div class=\"elementor-widget-container\">\n\t\t\t<h2 class=\"elementor-heading-title elementor-size-default\">Ihr Wunschauto gem\u00fctlich von zu Hause ansehen<\/h2>\t\t<\/div>\n\t\t\t\t<\/div>\n\t\t\t\t\t\t<\/div>\n\t\t\t\t\t<\/div>\n\t\t<\/div>\n\t\t\t\t<div class=\"elementor-column elementor-col-50 elementor-inner-column elementor-element elementor-element-457a1f8d\" data-id=\"457a1f8d\" data-element_type=\"column\">\n\t\t\t<div class=\"elementor-column-wrap\">\n\t\t\t\t\t\t\t<div class=\"elementor-widget-wrap\">\n\t\t\t\t\t\t\t\t<\/div>\n\t\t\t\t\t<\/div>\n\t\t<\/div>\n\t\t\t\t\t\t\t\t<\/div>\n\t\t\t\t\t<\/div>\n\t\t<\/section>\n\t\t\t\t\t\t<\/div>\n\t\t\t\t\t<\/div>\n\t\t<\/div>\n\t\t\t\t\t\t\t\t<\/div>\n\t\t\t\t\t<\/div>\n\t\t<\/section>\n\t\t\t\t<section class=\"elementor-section elementor-top-section elementor-element elementor-element-3c9296f5 ct-section-stretched elementor-section-full_width elementor-section-height-default elementor-section-height-default\" data-id=\"3c9296f5\" data-element_type=\"section\">\n\t\t\t\t\t\t<div class=\"elementor-container elementor-column-gap-no\">\n\t\t\t\t\t\t\t<div class=\"elementor-row\">\n\t\t\t\t\t<div class=\"elementor-column elementor-col-50 elementor-top-column elementor-element elementor-element-1be9c40f elementor-hidden-tablet\" data-id=\"1be9c40f\" data-element_type=\"column\" data-settings=\"{&quot;background_background&quot;:&quot;classic&quot;}\">\n\t\t\t<div class=\"elementor-column-wrap elementor-element-populated\">\n\t\t\t\t\t\t\t<div class=\"elementor-widget-wrap\">\n\t\t\t\t\t\t<div class=\"elementor-element elementor-element-3ae087e5 elementor-widget elementor-widget-image\" data-id=\"3ae087e5\" data-element_type=\"widget\" data-widget_type=\"image.default\">\n\t\t\t\t<div class=\"elementor-widget-container\">\n\t\t\t\t\t\t\t\t<div class=\"elementor-image\">\n\t\t\t\t\t\t\t\t\t\t\t\t<img width=\"1200\" height=\"800\" src=\"https:\/\/dev.corvettecenter.ch\/wp-content\/uploads\/2020\/04\/IMG_1833.jpg\" class=\"attachment-full size-full\" alt=\"\" loading=\"lazy\" srcset=\"https:\/\/dev.corvettecenter.ch\/wp-content\/uploads\/2020\/04\/IMG_1833.jpg 1200w, https:\/\/dev.corvettecenter.ch\/wp-content\/uploads\/2020\/04\/IMG_1833-300x200.jpg 300w, https:\/\/dev.corvettecenter.ch\/wp-content\/uploads\/2020\/04\/IMG_1833-1024x683.jpg 1024w, https:\/\/dev.corvettecenter.ch\/wp-content\/uploads\/2020\/04\/IMG_1833-768x512.jpg 768w\" sizes=\"(max-width: 1200px) 100vw, 1200px\" \/>\t\t\t\t\t\t\t\t\t\t\t\t\t\t<\/div>\n\t\t\t\t\t\t<\/div>\n\t\t\t\t<\/div>\n\t\t\t\t\t\t<\/div>\n\t\t\t\t\t<\/div>\n\t\t<\/div>\n\t\t\t\t<div class=\"elementor-column elementor-col-50 elementor-top-column elementor-element elementor-element-4816d23b\" data-id=\"4816d23b\" data-element_type=\"column\" data-settings=\"{&quot;background_background&quot;:&quot;classic&quot;}\">\n\t\t\t<div class=\"elementor-column-wrap elementor-element-populated\">\n\t\t\t\t\t\t\t<div class=\"elementor-widget-wrap\">\n\t\t\t\t\t\t<section class=\"elementor-section elementor-inner-section elementor-element elementor-element-62da36e3 elementor-section-content-middle elementor-section-boxed elementor-section-height-default elementor-section-height-default\" data-id=\"62da36e3\" data-element_type=\"section\">\n\t\t\t\t\t\t<div class=\"elementor-container elementor-column-gap-default\">\n\t\t\t\t\t\t\t<div class=\"elementor-row\">\n\t\t\t\t\t<div class=\"elementor-column elementor-col-100 elementor-inner-column elementor-element elementor-element-3130c0ff\" data-id=\"3130c0ff\" data-element_type=\"column\">\n\t\t\t<div class=\"elementor-column-wrap elementor-element-populated\">\n\t\t\t\t\t\t\t<div class=\"elementor-widget-wrap\">\n\t\t\t\t\t\t<div class=\"elementor-element elementor-element-fab1228 elementor-widget elementor-widget-heading\" data-id=\"fab1228\" data-element_type=\"widget\" data-widget_type=\"heading.default\">\n\t\t\t\t<div class=\"elementor-widget-container\">\n\t\t\t<h2 class=\"elementor-heading-title elementor-size-default\">Haben Sie ihr Traumfahrzeug gefunden k\u00f6nnen es jedoch nicht pers\u00f6nlich besichtigen?<\/h2>\t\t<\/div>\n\t\t\t\t<\/div>\n\t\t\t\t\t\t<\/div>\n\t\t\t\t\t<\/div>\n\t\t<\/div>\n\t\t\t\t\t\t\t\t<\/div>\n\t\t\t\t\t<\/div>\n\t\t<\/section>\n\t\t\t\t<section class=\"elementor-section elementor-inner-section elementor-element elementor-element-ce4224e elementor-section-boxed elementor-section-height-default elementor-section-height-default\" data-id=\"ce4224e\" data-element_type=\"section\">\n\t\t\t\t\t\t<div class=\"elementor-container elementor-column-gap-default\">\n\t\t\t\t\t\t\t<div class=\"elementor-row\">\n\t\t\t\t\t<div class=\"elementor-column elementor-col-100 elementor-inner-column elementor-element elementor-element-350fb88a\" data-id=\"350fb88a\" data-element_type=\"column\">\n\t\t\t<div class=\"elementor-column-wrap elementor-element-populated\">\n\t\t\t\t\t\t\t<div class=\"elementor-widget-wrap\">\n\t\t\t\t\t\t<div class=\"elementor-element elementor-element-4a0693cd elementor-widget elementor-widget-text-editor\" data-id=\"4a0693cd\" data-element_type=\"widget\" data-widget_type=\"text-editor.default\">\n\t\t\t\t<div class=\"elementor-widget-container\">\n\t\t\t\t\t\t\t\t<div class=\"elementor-text-editor elementor-clearfix\">\n\t\t\t\t<p>Wir bieten interaktive ZOOM-Videotelefonate an, wobei wir gemeinsam mit Ihnen das Fahrzeug von Aussen und Innen anschauen und alle Merkmale unser aussergew\u00f6hnlichen Fahrzeuge zeigen.<\/p>\t\t\t\t\t<\/div>\n\t\t\t\t\t\t<\/div>\n\t\t\t\t<\/div>\n\t\t\t\t\t\t<\/div>\n\t\t\t\t\t<\/div>\n\t\t<\/div>\n\t\t\t\t\t\t\t\t<\/div>\n\t\t\t\t\t<\/div>\n\t\t<\/section>\n\t\t\t\t<section class=\"elementor-section elementor-inner-section elementor-element elementor-element-df72ae6 elementor-section-boxed elementor-section-height-default elementor-section-height-default\" data-id=\"df72ae6\" data-element_type=\"section\">\n\t\t\t\t\t\t<div class=\"elementor-container elementor-column-gap-default\">\n\t\t\t\t\t\t\t<div class=\"elementor-row\">\n\t\t\t\t\t<div class=\"elementor-column elementor-col-100 elementor-inner-column elementor-element elementor-element-5af3e5e\" data-id=\"5af3e5e\" data-element_type=\"column\">\n\t\t\t<div class=\"elementor-column-wrap elementor-element-populated\">\n\t\t\t\t\t\t\t<div class=\"elementor-widget-wrap\">\n\t\t\t\t\t\t<div class=\"elementor-element elementor-element-c0727a6 elementor-button-align-stretch elementor-widget elementor-widget-form\" data-id=\"c0727a6\" data-element_type=\"widget\" data-settings=\"{&quot;step_next_label&quot;:&quot;Next&quot;,&quot;step_previous_label&quot;:&quot;Previous&quot;,&quot;button_width&quot;:&quot;100&quot;,&quot;step_type&quot;:&quot;number_text&quot;,&quot;step_icon_shape&quot;:&quot;circle&quot;}\" data-widget_type=\"form.default\">\n\t\t\t\t<div class=\"elementor-widget-container\">\n\t\t\t\t\t<form class=\"elementor-form\" method=\"post\" name=\"zoom-meeting\">\n\t\t\t<input type=\"hidden\" name=\"post_id\" value=\"925\"\/>\n\t\t\t<input type=\"hidden\" name=\"form_id\" value=\"c0727a6\"\/>\n\t\t\t<input type=\"hidden\" name=\"referer_title\" value=\"\" \/>\n\n\t\t\t\n\t\t\t<div class=\"elementor-form-fields-wrapper elementor-labels-above\">\n\t\t\t\t\t\t\t\t<div class=\"elementor-field-type-text elementor-field-group elementor-column elementor-field-group-name elementor-col-50 elementor-field-required elementor-mark-required\">\n\t\t\t\t\t\t\t\t\t\t\t\t<label for=\"form-field-name\" class=\"elementor-field-label\">\n\t\t\t\t\t\t\t\tVorname\t\t\t\t\t\t\t<\/label>\n\t\t\t\t\t\t\t\t\t\t\t\t\t\t<input size=\"1\" type=\"text\" name=\"form_fields[name]\" id=\"form-field-name\" class=\"elementor-field elementor-size-sm  elementor-field-textual\" required=\"required\" aria-required=\"true\">\n\t\t\t\t\t\t\t\t\t\t\t<\/div>\n\t\t\t\t\t\t\t\t<div class=\"elementor-field-type-text elementor-field-group elementor-column elementor-field-group-email elementor-col-50 elementor-field-required elementor-mark-required\">\n\t\t\t\t\t\t\t\t\t\t\t\t<label for=\"form-field-email\" class=\"elementor-field-label\">\n\t\t\t\t\t\t\t\tName\t\t\t\t\t\t\t<\/label>\n\t\t\t\t\t\t\t\t\t\t\t\t\t\t<input size=\"1\" type=\"text\" name=\"form_fields[email]\" id=\"form-field-email\" class=\"elementor-field elementor-size-sm  elementor-field-textual\" required=\"required\" aria-required=\"true\">\n\t\t\t\t\t\t\t\t\t\t\t<\/div>\n\t\t\t\t\t\t\t\t<div class=\"elementor-field-type-email elementor-field-group elementor-column elementor-field-group-field_18023a0 elementor-col-50 elementor-field-required elementor-mark-required\">\n\t\t\t\t\t\t\t\t\t\t\t\t<label for=\"form-field-field_18023a0\" class=\"elementor-field-label\">\n\t\t\t\t\t\t\t\tE-Mail\t\t\t\t\t\t\t<\/label>\n\t\t\t\t\t\t\t\t\t\t\t\t\t\t<input size=\"1\" type=\"email\" name=\"form_fields[field_18023a0]\" id=\"form-field-field_18023a0\" class=\"elementor-field elementor-size-sm  elementor-field-textual\" required=\"required\" aria-required=\"true\">\n\t\t\t\t\t\t\t\t\t\t\t<\/div>\n\t\t\t\t\t\t\t\t<div class=\"elementor-field-type-text elementor-field-group elementor-column elementor-field-group-field_9bbdbdf elementor-col-100 elementor-field-required elementor-mark-required\">\n\t\t\t\t\t\t\t\t\t\t\t\t<label for=\"form-field-field_9bbdbdf\" class=\"elementor-field-label\">\n\t\t\t\t\t\t\t\tFahrzeug\t\t\t\t\t\t\t<\/label>\n\t\t\t\t\t\t\t\t\t\t\t\t\t\t<input size=\"1\" type=\"text\" name=\"form_fields[field_9bbdbdf]\" id=\"form-field-field_9bbdbdf\" class=\"elementor-field elementor-size-sm  elementor-field-textual\" placeholder=\"An welchem Fahrzeug sind Sie interessiert?\" required=\"required\" aria-required=\"true\">\n\t\t\t\t\t\t\t\t\t\t\t<\/div>\n\t\t\t\t\t\t\t\t<div class=\"elementor-field-type-date elementor-field-group elementor-column elementor-field-group-field_4789ec7 elementor-col-50 elementor-field-required elementor-mark-required\">\n\t\t\t\t\t\t\t\t\t\t\t\t<label for=\"form-field-field_4789ec7\" class=\"elementor-field-label\">\n\t\t\t\t\t\t\t\tDatum\t\t\t\t\t\t\t<\/label>\n\t\t\t\t\t\t\n\t\t<input type=\"date\" name=\"form_fields[field_4789ec7]\" id=\"form-field-field_4789ec7\" class=\"elementor-field elementor-size-sm  elementor-field-textual elementor-date-field\" placeholder=\"Wann m\u00f6chten Sie das Fahrzeug virtuell besichtigen?\" required=\"required\" aria-required=\"true\" pattern=\"[0-9]{4}-[0-9]{2}-[0-9]{2}\" min=\"2021-02-18\" max=\"2021-04-30\">\n\t\t\t\t\t\t<\/div>\n\t\t\t\t\t\t\t\t<div class=\"elementor-field-type-select elementor-field-group elementor-column elementor-field-group-field_3ca5d3a elementor-col-50 elementor-field-required elementor-mark-required\">\n\t\t\t\t\t\t\t\t\t\t\t\t<label for=\"form-field-field_3ca5d3a\" class=\"elementor-field-label\">\n\t\t\t\t\t\t\t\tUhrzeit\t\t\t\t\t\t\t<\/label>\n\t\t\t\t\t\t\t\t<div class=\"elementor-field elementor-select-wrapper \">\n\t\t\t<select name=\"form_fields[field_3ca5d3a]\" id=\"form-field-field_3ca5d3a\" class=\"elementor-field-textual elementor-size-sm\" required=\"required\" aria-required=\"true\">\n\t\t\t\t\t\t\t\t\t<option value=\"08:00\">08:00<\/option>\n\t\t\t\t\t\t\t\t\t<option value=\"08:30\">08:30<\/option>\n\t\t\t\t\t\t\t\t\t<option value=\"09:30\">09:30<\/option>\n\t\t\t\t\t\t\t\t\t<option value=\"10:00\">10:00<\/option>\n\t\t\t\t\t\t\t\t\t<option value=\"10:30\">10:30<\/option>\n\t\t\t\t\t\t\t\t\t<option value=\"11:00\">11:00<\/option>\n\t\t\t\t\t\t\t\t\t<option value=\"11:30\">11:30<\/option>\n\t\t\t\t\t\t\t\t\t<option value=\"12:00\">12:00<\/option>\n\t\t\t\t\t\t\t\t\t<option value=\"13:15\">13:15<\/option>\n\t\t\t\t\t\t\t\t\t<option value=\"13:30\">13:30<\/option>\n\t\t\t\t\t\t\t\t\t<option value=\"14:00\">14:00<\/option>\n\t\t\t\t\t\t\t\t\t<option value=\"14:30\">14:30<\/option>\n\t\t\t\t\t\t\t\t\t<option value=\"15:00\">15:00<\/option>\n\t\t\t\t\t\t\t\t\t<option value=\"15:30\">15:30<\/option>\n\t\t\t\t\t\t\t\t\t<option value=\"16:00\">16:00<\/option>\n\t\t\t\t\t\t\t\t\t<option value=\"16:30\">16:30<\/option>\n\t\t\t\t\t\t\t\t\t<option value=\"17:00\">17:00<\/option>\n\t\t\t\t\t\t\t\t\t<option value=\"17:30\">17:30<\/option>\n\t\t\t\t\t\t\t<\/select>\n\t\t<\/div>\n\t\t\t\t\t\t<\/div>\n\t\t\t\t\t\t\t\t<div class=\"elementor-field-type-textarea elementor-field-group elementor-column elementor-field-group-message elementor-col-100\">\n\t\t\t\t\t\t\t\t\t\t\t\t<label for=\"form-field-message\" class=\"elementor-field-label\">\n\t\t\t\t\t\t\t\tIhre Nachricht\t\t\t\t\t\t\t<\/label>\n\t\t\t\t\t\t<textarea class=\"elementor-field-textual elementor-field  elementor-size-sm\" name=\"form_fields[message]\" id=\"form-field-message\" rows=\"4\"><\/textarea>\t\t\t\t<\/div>\n\t\t\t\t\t\t\t\t<div class=\"elementor-field-type-text\">\n\t\t\t\t\t<input size=\"1\" type=\"text\" name=\"form_fields[field_6a34463]\" id=\"form-field-field_6a34463\" class=\"elementor-field elementor-size-sm \" style=\"display:none !important;\">\t\t\t\t<\/div>\n\t\t\t\t\t\t\t\t<div class=\"elementor-field-type-recaptcha_v3 elementor-field-group elementor-column elementor-field-group-field_0da83c4 elementor-col-100 recaptcha_v3-bottomright\">\n\t\t\t\t\t<div class=\"elementor-field\" id=\"form-field-field_0da83c4\"><div class=\"elementor-g-recaptcha\" data-sitekey=\"6LdQqXYaAAAAAHsJAIePX_-I75pAlJvLgDnE6oMB\" data-type=\"v3\" data-action=\"Form\" data-badge=\"bottomright\" data-size=\"invisible\"><\/div><\/div>\t\t\t\t<\/div>\n\t\t\t\t\t\t\t\t<div class=\"elementor-field-group elementor-column elementor-field-type-submit elementor-col-100 e-form__buttons\">\n\t\t\t\t\t<button type=\"submit\" class=\"elementor-button elementor-size-sm\">\n\t\t\t\t\t\t<span >\n\t\t\t\t\t\t\t\t\t\t\t\t\t\t\t<span class=\" elementor-button-icon\">\n\t\t\t\t\t\t\t\t\t\t\t\t\t\t\t\t\t\t\t\t\t\t\t\t\t\t<\/span>\n\t\t\t\t\t\t\t\t\t\t\t\t\t\t\t\t\t\t\t\t\t\t<span class=\"elementor-button-text\">Senden<\/span>\n\t\t\t\t\t\t\t\t\t\t\t\t\t<\/span>\n\t\t\t\t\t<\/button>\n\t\t\t\t<\/div>\n\t\t\t<\/div>\n\t\t<\/form>\n\t\t\t\t<\/div>\n\t\t\t\t<\/div>\n\t\t\t\t\t\t<\/div>\n\t\t\t\t\t<\/div>\n\t\t<\/div>\n\t\t\t\t\t\t\t\t<\/div>\n\t\t\t\t\t<\/div>\n\t\t<\/section>\n\t\t\t\t\t\t<\/div>\n\t\t\t\t\t<\/div>\n\t\t<\/div>\n\t\t\t\t\t\t\t\t<\/div>\n\t\t\t\t\t<\/div>\n\t\t<\/section>\n\t\t\t\t<section class=\"elementor-section elementor-top-section elementor-element elementor-element-bdda373 elementor-section-boxed elementor-section-height-default elementor-section-height-default\" data-id=\"bdda373\" data-element_type=\"section\">\n\t\t\t\t\t\t<div class=\"elementor-container elementor-column-gap-default\">\n\t\t\t\t\t\t\t<div class=\"elementor-row\">\n\t\t\t\t\t<div class=\"elementor-column elementor-col-100 elementor-top-column elementor-element elementor-element-adbfd73\" data-id=\"adbfd73\" data-element_type=\"column\">\n\t\t\t<div class=\"elementor-column-wrap elementor-element-populated\">\n\t\t\t\t\t\t\t<div class=\"elementor-widget-wrap\">\n\t\t\t\t\t\t<div class=\"elementor-element elementor-element-c2aba58 elementor-widget elementor-widget-html\" data-id=\"c2aba58\" data-element_type=\"widget\" data-widget_type=\"html.default\">\n\t\t\t\t<div class=\"elementor-widget-container\">\n\t\t\t<script>\r\n    jQuery( document ).ready( function( $ ){\r\n        function waitForFlatpicker( callback ) {\r\n            if ( typeof window.flatpickr !== 'function') {\r\n                setTimeout( function() { waitForFlatpicker( callback ) }, 100 );\r\n            }\r\n            console.log(\"tick wait\");\r\n            callback();\r\n        }\r\n        waitForFlatpicker( function(){\r\n            flatpickr.l10ns.de = {\r\n                weekdays: {\r\n                    shorthand: [\"So\", \"Mo\", \"Di\", \"Mi\", \"Do\", \"Fr\", \"Sa\"],\r\n                    longhand: [\r\n                        \"Sonntag\",\r\n                        \"Montag\",\r\n                        \"Dienstag\",\r\n                        \"Mittwoch\",\r\n                        \"Donnerstag\",\r\n                        \"Freitag\",\r\n                        \"Samstag\",\r\n                    ],\r\n                },\r\n                months: {\r\n                    shorthand: [\r\n                        \"Jan\",\r\n                        \"Feb\",\r\n                        \"M\u00e4rz\",\r\n                        \"Apr\",\r\n                        \"Mai\",\r\n                        \"Juni\",\r\n                        \"Juli\",\r\n                        \"Aug\",\r\n                        \"Sept\",\r\n                        \"Okt\",\r\n                        \"Nov\",\r\n                        \"Dez\",\r\n                    ],\r\n                    longhand: [\r\n                        \"Januar\",\r\n                        \"Februar\",\r\n                        \"M\u00e4rz\",\r\n                        \"April\",\r\n                        \"Mai\",\r\n                        \"Juni\",\r\n                        \"Juli\",\r\n                        \"August\",\r\n                        \"September\",\r\n                        \"Oktober\",\r\n                        \"November\",\r\n                        \"Dezember\",\r\n                    ],\r\n                },\r\n                rangeSeparator: \" bis \"\r\n            };\r\n            \/\/set translations \r\n            flatpickr.localize(flatpickr.l10ns.de);\r\n            flatpickr('.flatpickr-input');\r\n            \/\/set format - doesn't work in edge            \r\n            setTimeout( function(){\r\n                $('.flatpickr-input').each(function(){ \r\n                    $(this).flatpickr({\r\n                        dateFormat: 'd.m.Y',\r\n                        minDate: '01.04.2019',\r\n                        locale: {\r\n                            firstDayOfWeek: 1\r\n                        }  \r\n                    });                         \r\n                });\r\n                console.log(\"tick date\");\r\n            }, 1000 );                       \r\n        });\r\n    });\r\n<\/script>\t\t<\/div>\n\t\t\t\t<\/div>\n\t\t\t\t\t\t<\/div>\n\t\t\t\t\t<\/div>\n\t\t<\/div>\n\t\t\t\t\t\t\t\t<\/div>\n\t\t\t\t\t<\/div>\n\t\t<\/section>\n\t\t\t\t\t\t\t\t\t<\/div>\n\t\t\t<\/div>\n\t\t\t\t\t<\/div>\n\t\t","protected":false},"excerpt":{"rendered":"<p>Virtuelle Fahrzeugbesichtigungen Ihr Wunschauto gem\u00fctlich von zu Hause ansehen Haben Sie ihr Traumfahrzeug gefunden k\u00f6nnen es jedoch nicht pers\u00f6nlich besichtigen? Wir bieten interaktive ZOOM-Videotelefonate an, wobei wir gemeinsam mit Ihnen das Fahrzeug von Aussen und Innen anschauen und alle Merkmale unser aussergew\u00f6hnlichen Fahrzeuge zeigen.<\/p>\n","protected":false},"author":1,"featured_media":0,"parent":0,"menu_order":0,"comment_status":"closed","ping_status":"closed","template":"","meta":[],"blocksy_meta":{"styles_descriptor":{"styles":{"desktop":"","tablet":"","mobile":""},"google_fonts":[],"version":5}},"_links":{"self":[{"href":"https:\/\/dev.corvettecenter.ch\/index.php\/wp-json\/wp\/v2\/pages\/925"}],"collection":[{"href":"https:\/\/dev.corvettecenter.ch\/index.php\/wp-json\/wp\/v2\/pages"}],"about":[{"href":"https:\/\/dev.corvettecenter.ch\/index.php\/wp-json\/wp\/v2\/types\/page"}],"author":[{"embeddable":true,"href":"https:\/\/dev.corvettecenter.ch\/index.php\/wp-json\/wp\/v2\/users\/1"}],"replies":[{"embeddable":true,"href":"https:\/\/dev.corvettecenter.ch\/index.php\/wp-json\/wp\/v2\/comments?post=925"}],"version-history":[{"count":24,"href":"https:\/\/dev.corvettecenter.ch\/index.php\/wp-json\/wp\/v2\/pages\/925\/revisions"}],"predecessor-version":[{"id":1078,"href":"https:\/\/dev.corvettecenter.ch\/index.php\/wp-json\/wp\/v2\/pages\/925\/revisions\/1078"}],"wp:attachment":[{"href":"https:\/\/dev.corvettecenter.ch\/index.php\/wp-json\/wp\/v2\/media?parent=925"}],"curies":[{"name":"wp","href":"https:\/\/api.w.org\/{rel}","templated":true}]}}